{"id":16,"date":"2022-12-22T12:52:12","date_gmt":"2022-12-22T12:52:12","guid":{"rendered":"http:\/\/boucherie-lesalexs.com\/?page_id=16"},"modified":"2024-01-01T11:30:17","modified_gmt":"2024-01-01T11:30:17","slug":"boucherie","status":"publish","type":"page","link":"https:\/\/boucherie-lesalexs.com\/","title":{"rendered":"Homepage"},"content":{"rendered":"\t\t<div data-elementor-type=\"wp-page\" data-elementor-id=\"16\" class=\"elementor elementor-16\" data-elementor-post-type=\"page\">\n\t\t\t\t<div data-dce-background-image-url=\"http:\/\/boucherie-lesalexs.com\/wp-content\/uploads\/2022\/12\/aquitaine-cow-in-a-field.jpg\" class=\"elementor-element elementor-element-5905b57 e-flex e-con-boxed e-con e-parent\" data-id=\"5905b57\" data-element_type=\"container\" data-e-type=\"container\" data-settings=\"{&quot;background_background&quot;:&quot;classic&quot;}\">\n\t\t\t\t\t<div class=\"e-con-inner\">\n\t\t\t\t<div class=\"elementor-element elementor-element-d7169ef elementor-widget__width-initial elementor-widget elementor-widget-heading\" data-id=\"d7169ef\" data-element_type=\"widget\" data-e-type=\"widget\" data-widget_type=\"heading.default\">\n\t\t\t\t\t<h2 class=\"elementor-heading-title elementor-size-default\">Venez d\u00e9couvrir les saveurs authentiques de la Corr\u00e8ze, o\u00f9 chaque morceau raconte une histoire d'amour, de tradition et d'engagement envers la qualit\u00e9.<\/h2>\t\t\t\t<\/div>\n\t\t\t\t\t<\/div>\n\t\t\t\t<\/div>\n\t\t<div class=\"elementor-element elementor-element-1077a65 e-flex e-con-boxed e-con e-parent\" data-id=\"1077a65\" data-element_type=\"container\" data-e-type=\"container\">\n\t\t\t\t\t<div class=\"e-con-inner\">\n\t\t\t\t<div class=\"elementor-element elementor-element-7663610 elementor-widget elementor-widget-heading\" data-id=\"7663610\" data-element_type=\"widget\" data-e-type=\"widget\" data-widget_type=\"heading.default\">\n\t\t\t\t\t<h2 class=\"elementor-heading-title elementor-size-default\">L'histoire d'une aventure...<\/h2>\t\t\t\t<\/div>\n\t\t\t\t\t<\/div>\n\t\t\t\t<\/div>\n\t\t<div class=\"elementor-element elementor-element-9e8e196 e-grid e-con-boxed e-con e-parent\" data-id=\"9e8e196\" data-element_type=\"container\" data-e-type=\"container\">\n\t\t\t\t\t<div class=\"e-con-inner\">\n\t\t\t\t<div class=\"elementor-element elementor-element-1aba26f elementor-widget elementor-widget-text-editor\" data-id=\"1aba26f\" data-element_type=\"widget\" data-e-type=\"widget\" data-widget_type=\"text-editor.default\">\n\t\t\t\t\t\t\t\t\t<p>Autrefois agent immobilier, j&rsquo;ai choisi de quitter le tumulte de l&rsquo;immobilier pour embrasser un r\u00eave audacieux. Inspir\u00e9 par l&rsquo;histoire de mes anc\u00eatres et la terre fertile de Corr\u00e8ze, j&rsquo;ai d\u00e9cid\u00e9 de poursuivre ma passion pour la boucherie, un m\u00e9tier qui me rapproche de la terre et de mes racines. Mon parcours, marqu\u00e9 par la d\u00e9termination, m&rsquo;a conduit \u00e0 obtenir mon CAP de boucher, une \u00e9tape cruciale pour r\u00e9aliser ce projet de vie.<\/p><p><strong>Un Engagement pour la Qualit\u00e9 et la Proximit\u00e9<\/strong><\/p><p>Notre boucherie se distingue par son engagement in\u00e9branlable envers la qualit\u00e9 et la proximit\u00e9. Nous travaillons exclusivement avec des \u00e9leveurs locaux, situ\u00e9s \u00e0 moins de 50 kilom\u00e8tres, garantissant ainsi des produits frais et de haute qualit\u00e9. Chaque pi\u00e8ce de viande provient d&rsquo;animaux \u00e9lev\u00e9s avec soin et respect, refl\u00e9tant notre d\u00e9vouement pour un circuit court et responsable.\u00a0\u00bb<\/p>\t\t\t\t\t\t\t\t<\/div>\n\t\t\t\t<div class=\"elementor-element elementor-element-2522726 dce_masking-none elementor-widget elementor-widget-image\" data-id=\"2522726\" data-element_type=\"widget\" data-e-type=\"widget\" data-widget_type=\"image.default\">\n\t\t\t\t\t\t\t\t\t\t\t\t\t\t\t<img fetchpriority=\"high\" decoding=\"async\" width=\"800\" height=\"600\" src=\"https:\/\/boucherie-lesalexs.com\/wp-content\/uploads\/2023\/12\/vitrine-2.jpg\" class=\"attachment-large size-large wp-image-166\" alt=\"\" srcset=\"https:\/\/boucherie-lesalexs.com\/wp-content\/uploads\/2023\/12\/vitrine-2.jpg 800w, https:\/\/boucherie-lesalexs.com\/wp-content\/uploads\/2023\/12\/vitrine-2-300x225.jpg 300w, https:\/\/boucherie-lesalexs.com\/wp-content\/uploads\/2023\/12\/vitrine-2-768x576.jpg 768w, https:\/\/boucherie-lesalexs.com\/wp-content\/uploads\/2023\/12\/vitrine-2-600x450.jpg 600w\" sizes=\"(max-width: 800px) 100vw, 800px\" \/>\t\t\t\t\t\t\t\t\t\t\t\t\t\t\t<\/div>\n\t\t\t\t<div class=\"elementor-element elementor-element-8ac9efa dce_masking-none elementor-widget elementor-widget-image\" data-id=\"8ac9efa\" data-element_type=\"widget\" data-e-type=\"widget\" data-widget_type=\"image.default\">\n\t\t\t\t\t\t\t\t\t\t\t\t\t\t\t<img decoding=\"async\" width=\"800\" height=\"360\" src=\"https:\/\/boucherie-lesalexs.com\/wp-content\/uploads\/2023\/12\/vitrine1.jpg\" class=\"attachment-large size-large wp-image-160\" alt=\"\" srcset=\"https:\/\/boucherie-lesalexs.com\/wp-content\/uploads\/2023\/12\/vitrine1.jpg 800w, https:\/\/boucherie-lesalexs.com\/wp-content\/uploads\/2023\/12\/vitrine1-300x135.jpg 300w, https:\/\/boucherie-lesalexs.com\/wp-content\/uploads\/2023\/12\/vitrine1-768x346.jpg 768w, https:\/\/boucherie-lesalexs.com\/wp-content\/uploads\/2023\/12\/vitrine1-600x270.jpg 600w\" sizes=\"(max-width: 800px) 100vw, 800px\" \/>\t\t\t\t\t\t\t\t\t\t\t\t\t\t\t<\/div>\n\t\t\t\t<div class=\"elementor-element elementor-element-1475f2f elementor-widget elementor-widget-text-editor\" data-id=\"1475f2f\" data-element_type=\"widget\" data-e-type=\"widget\" data-widget_type=\"text-editor.default\">\n\t\t\t\t\t\t\t\t\t<p><strong>Une Aventure Familiale<\/strong><\/p><p>Cette aventure ne serait pas compl\u00e8te sans le soutien ind\u00e9fectible de ma femme, Alexia, une ancienne spa praticienne. Elle a brav\u00e9 le changement \u00e0 mes c\u00f4t\u00e9s apportant sa touche unique \u00e0 la boucherie. Aujourd&rsquo;hui, elle g\u00e8re fi\u00e8rement la section traiteur, offrant des plats faits maison qui allient tradition et cr\u00e9ativit\u00e9, une fusion parfaite entre son ancien monde et le nouveau.\u00a0\u00bb<\/p><p><strong>Plus qu&rsquo;une Boucherie, une Histoire de C\u0153ur<\/strong><\/p><p>Au-del\u00e0 de la vente de viandes, notre boucherie repr\u00e9sente une histoire de passion, de changement de vie et de connexion \u00e0 nos racines. Chaque produit fait maison est un t\u00e9moignage de notre amour pour l&rsquo;artisanat et notre engagement \u00e0 offrir une alternative de qualit\u00e9 face \u00e0 l&rsquo;industrie alimentaire. Nous vous invitons \u00e0 d\u00e9couvrir nos produits, mais aussi notre histoire, celle d&rsquo;une famille qui a os\u00e9 r\u00eaver et tout mettre en \u0153uvre pour r\u00e9aliser ce r\u00eave.<\/p>\t\t\t\t\t\t\t\t<\/div>\n\t\t\t\t\t<\/div>\n\t\t\t\t<\/div>\n\t\t\t\t<\/div>\n\t\t","protected":false},"excerpt":{"rendered":"<p>Venez d\u00e9couvrir les saveurs authentiques de la Corr\u00e8ze, o\u00f9 chaque morceau raconte une histoire d&rsquo;amour, de tradition et d&rsquo;engagement envers la qualit\u00e9. L&rsquo;histoire d&rsquo;une aventure&#8230; Autrefois agent immobilier, j&rsquo;ai choisi de quitter le tumulte de l&rsquo;immobilier pour embrasser un r\u00eave audacieux. Inspir\u00e9 par l&rsquo;histoire de mes anc\u00eatres et la terre fertile de Corr\u00e8ze, j&rsquo;ai d\u00e9cid\u00e9 [&hellip;]<\/p>\n","protected":false},"author":1,"featured_media":0,"parent":0,"menu_order":0,"comment_status":"closed","ping_status":"closed","template":"elementor_header_footer","meta":{"footnotes":""},"class_list":["post-16","page","type-page","status-publish","hentry"],"_links":{"self":[{"href":"https:\/\/boucherie-lesalexs.com\/index.php?rest_route=\/wp\/v2\/pages\/16","targetHints":{"allow":["GET"]}}],"collection":[{"href":"https:\/\/boucherie-lesalexs.com\/index.php?rest_route=\/wp\/v2\/pages"}],"about":[{"href":"https:\/\/boucherie-lesalexs.com\/index.php?rest_route=\/wp\/v2\/types\/page"}],"author":[{"embeddable":true,"href":"https:\/\/boucherie-lesalexs.com\/index.php?rest_route=\/wp\/v2\/users\/1"}],"replies":[{"embeddable":true,"href":"https:\/\/boucherie-lesalexs.com\/index.php?rest_route=%2Fwp%2Fv2%2Fcomments&post=16"}],"version-history":[{"count":44,"href":"https:\/\/boucherie-lesalexs.com\/index.php?rest_route=\/wp\/v2\/pages\/16\/revisions"}],"predecessor-version":[{"id":416,"href":"https:\/\/boucherie-lesalexs.com\/index.php?rest_route=\/wp\/v2\/pages\/16\/revisions\/416"}],"wp:attachment":[{"href":"https:\/\/boucherie-lesalexs.com\/index.php?rest_route=%2Fwp%2Fv2%2Fmedia&parent=16"}],"curies":[{"name":"wp","href":"https:\/\/api.w.org\/{rel}","templated":true}]}}