{"id":151,"date":"2023-12-27T13:37:59","date_gmt":"2023-12-27T13:37:59","guid":{"rendered":"https:\/\/boucherie-lesalexs.com\/?page_id=151"},"modified":"2024-01-01T17:51:22","modified_gmt":"2024-01-01T17:51:22","slug":"nos-eleveurs","status":"publish","type":"page","link":"https:\/\/boucherie-lesalexs.com\/?page_id=151","title":{"rendered":"NOS ELEVEURS"},"content":{"rendered":"\t\t<div data-elementor-type=\"wp-page\" data-elementor-id=\"151\" class=\"elementor elementor-151\" data-elementor-post-type=\"page\">\n\t\t\t\t<div class=\"elementor-element elementor-element-54132ef e-flex e-con-boxed e-con e-parent\" data-id=\"54132ef\" data-element_type=\"container\" data-e-type=\"container\">\n\t\t\t\t\t<div class=\"e-con-inner\">\n\t\t<div class=\"elementor-element elementor-element-78913e7 e-con-full e-flex e-con e-child\" data-id=\"78913e7\" data-element_type=\"container\" data-e-type=\"container\">\n\t\t\t\t<div class=\"elementor-element elementor-element-2d57d1b elementor-widget__width-initial elementor-widget elementor-widget-text-editor\" data-id=\"2d57d1b\" data-element_type=\"widget\" data-e-type=\"widget\" data-widget_type=\"text-editor.default\">\n\t\t\t\t\t\t\t\t\t<p>Situ\u00e9e dans le magnifique d\u00e9partement de la Corr\u00e8ze, Argentat sur dordogne offre un emplacement de proximit\u00e9 avec divers \u00e9levage de qualit\u00e9. Nos \u00e9leverus tirent parti de ce cadre unique pour offrir des produits d&rsquo;exception, refl\u00e9tant le go\u00fbt authentique et la richesse de notre terroir.<\/p><p>En choisissant nos produits, vous soutenez une agriculture durable et responsable. Vous b\u00e9n\u00e9ficiez de l&rsquo;expertise de nos \u00e9leveurs qui produisent des viandes de qualit\u00e9s sup\u00e9rieures, issus d&rsquo;exploitations certifi\u00e9es Haute Valeur Environnementale, o\u00f9 la sant\u00e9 des animaux et le respect de l&rsquo;environnement sont au c\u0153ur de toutes nos actions.\u00a0\u00bb<\/p><p>Rejoignez-nous dans notre qu\u00eate pour une alimentation saine et respectueuse de l&rsquo;environnement. Ensemble, faisons la diff\u00e9rence !\u00a0\u00bb<\/p>\t\t\t\t\t\t\t\t<\/div>\n\t\t\t\t<\/div>\n\t\t\t\t\t<\/div>\n\t\t\t\t<\/div>\n\t\t<div class=\"elementor-element elementor-element-f9e05e7 e-flex e-con-boxed e-con e-parent\" data-id=\"f9e05e7\" data-element_type=\"container\" data-e-type=\"container\">\n\t\t\t\t\t<div class=\"e-con-inner\">\n\t\t\t\t<div class=\"elementor-element elementor-element-72da640 elementor-widget elementor-widget-gallery\" data-id=\"72da640\" data-element_type=\"widget\" data-e-type=\"widget\" data-settings=\"{&quot;columns&quot;:3,&quot;aspect_ratio&quot;:&quot;1:1&quot;,&quot;overlay_title&quot;:&quot;title&quot;,&quot;lazyload&quot;:&quot;yes&quot;,&quot;gallery_layout&quot;:&quot;grid&quot;,&quot;columns_tablet&quot;:2,&quot;columns_mobile&quot;:1,&quot;gap&quot;:{&quot;unit&quot;:&quot;px&quot;,&quot;size&quot;:10,&quot;sizes&quot;:[]},&quot;gap_tablet&quot;:{&quot;unit&quot;:&quot;px&quot;,&quot;size&quot;:10,&quot;sizes&quot;:[]},&quot;gap_mobile&quot;:{&quot;unit&quot;:&quot;px&quot;,&quot;size&quot;:10,&quot;sizes&quot;:[]},&quot;link_to&quot;:&quot;file&quot;,&quot;overlay_background&quot;:&quot;yes&quot;,&quot;content_hover_animation&quot;:&quot;fade-in&quot;}\" data-widget_type=\"gallery.default\">\n\t\t\t\t\t\t\t<div class=\"elementor-gallery__container\">\n\t\t\t\t\t\t\t<a class=\"e-gallery-item elementor-gallery-item elementor-animated-content\" href=\"https:\/\/boucherie-lesalexs.com\/wp-content\/uploads\/2023\/12\/Lucas-Perrier-veau-scaled.jpg\" data-elementor-open-lightbox=\"yes\" data-elementor-lightbox-slideshow=\"72da640\" data-elementor-lightbox-title=\"Lucas Perrier\" data-e-action-hash=\"#elementor-action%3Aaction%3Dlightbox%26settings%3DeyJpZCI6MTU2LCJ1cmwiOiJodHRwczpcL1wvYm91Y2hlcmllLWxlc2FsZXhzLmNvbVwvd3AtY29udGVudFwvdXBsb2Fkc1wvMjAyM1wvMTJcL0x1Y2FzLVBlcnJpZXItdmVhdS1zY2FsZWQuanBnIiwic2xpZGVzaG93IjoiNzJkYTY0MCJ9\">\n\t\t\t\t\t<div class=\"e-gallery-image elementor-gallery-item__image\" data-thumbnail=\"https:\/\/boucherie-lesalexs.com\/wp-content\/uploads\/2023\/12\/Lucas-Perrier-veau-768x1024.jpg\" data-width=\"768\" data-height=\"1024\" aria-label=\"\" role=\"img\" ><\/div>\n\t\t\t\t\t\t\t\t\t\t\t<div class=\"elementor-gallery-item__overlay\"><\/div>\n\t\t\t\t\t\t\t\t\t\t\t\t\t\t\t<div class=\"elementor-gallery-item__content\">\n\t\t\t\t\t\t\t\t\t\t\t\t\t\t<div class=\"elementor-gallery-item__title\">\n\t\t\t\t\t\t\t\t\t\t\t\t\t\t\t\t\t\tLucas Perrier\t\t\t\t\t\t\t\t<\/div>\n\t\t\t\t\t\t\t\t\t\t\t\t<\/div>\n\t\t\t\t\t\t\t\t\t<\/a>\n\t\t\t\t\t\t\t<a class=\"e-gallery-item elementor-gallery-item elementor-animated-content\" href=\"https:\/\/boucherie-lesalexs.com\/wp-content\/uploads\/2024\/01\/Franck-combe.jpg\" data-elementor-open-lightbox=\"yes\" data-elementor-lightbox-slideshow=\"72da640\" data-elementor-lightbox-title=\"Franck combe\" data-e-action-hash=\"#elementor-action%3Aaction%3Dlightbox%26settings%3DeyJpZCI6MzAzLCJ1cmwiOiJodHRwczpcL1wvYm91Y2hlcmllLWxlc2FsZXhzLmNvbVwvd3AtY29udGVudFwvdXBsb2Fkc1wvMjAyNFwvMDFcL0ZyYW5jay1jb21iZS5qcGciLCJzbGlkZXNob3ciOiI3MmRhNjQwIn0%3D\">\n\t\t\t\t\t<div class=\"e-gallery-image elementor-gallery-item__image\" data-thumbnail=\"https:\/\/boucherie-lesalexs.com\/wp-content\/uploads\/2024\/01\/Franck-combe.jpg\" data-width=\"454\" data-height=\"340\" aria-label=\"\" role=\"img\" ><\/div>\n\t\t\t\t\t\t\t\t\t\t\t<div class=\"elementor-gallery-item__overlay\"><\/div>\n\t\t\t\t\t\t\t\t\t\t\t\t\t\t\t<div class=\"elementor-gallery-item__content\">\n\t\t\t\t\t\t\t\t\t\t\t\t\t\t<div class=\"elementor-gallery-item__title\">\n\t\t\t\t\t\t\t\t\t\t\t\t\t\t\t\t\t\tFranck combe\t\t\t\t\t\t\t\t<\/div>\n\t\t\t\t\t\t\t\t\t\t\t\t<\/div>\n\t\t\t\t\t\t\t\t\t<\/a>\n\t\t\t\t\t\t\t<a class=\"e-gallery-item elementor-gallery-item elementor-animated-content\" href=\"https:\/\/boucherie-lesalexs.com\/wp-content\/uploads\/2024\/01\/benoit-theil.jpg\" data-elementor-open-lightbox=\"yes\" data-elementor-lightbox-slideshow=\"72da640\" data-elementor-lightbox-title=\"benoit theil\" data-e-action-hash=\"#elementor-action%3Aaction%3Dlightbox%26settings%3DeyJpZCI6MzA0LCJ1cmwiOiJodHRwczpcL1wvYm91Y2hlcmllLWxlc2FsZXhzLmNvbVwvd3AtY29udGVudFwvdXBsb2Fkc1wvMjAyNFwvMDFcL2Jlbm9pdC10aGVpbC5qcGciLCJzbGlkZXNob3ciOiI3MmRhNjQwIn0%3D\">\n\t\t\t\t\t<div class=\"e-gallery-image elementor-gallery-item__image\" data-thumbnail=\"https:\/\/boucherie-lesalexs.com\/wp-content\/uploads\/2024\/01\/benoit-theil-768x1023.jpg\" data-width=\"768\" data-height=\"1023\" aria-label=\"\" role=\"img\" ><\/div>\n\t\t\t\t\t\t\t\t\t\t\t<div class=\"elementor-gallery-item__overlay\"><\/div>\n\t\t\t\t\t\t\t\t\t\t\t\t\t\t\t<div class=\"elementor-gallery-item__content\">\n\t\t\t\t\t\t\t\t\t\t\t\t\t\t<div class=\"elementor-gallery-item__title\">\n\t\t\t\t\t\t\t\t\t\t\t\t\t\t\t\t\t\tbenoit theil\t\t\t\t\t\t\t\t<\/div>\n\t\t\t\t\t\t\t\t\t\t\t\t<\/div>\n\t\t\t\t\t\t\t\t\t<\/a>\n\t\t\t\t\t\t\t<a class=\"e-gallery-item elementor-gallery-item elementor-animated-content\" href=\"https:\/\/boucherie-lesalexs.com\/wp-content\/uploads\/2024\/01\/mathieux-chappoux.jpg\" data-elementor-open-lightbox=\"yes\" data-elementor-lightbox-slideshow=\"72da640\" data-elementor-lightbox-title=\"mathieux chappoux\" data-e-action-hash=\"#elementor-action%3Aaction%3Dlightbox%26settings%3DeyJpZCI6MzA1LCJ1cmwiOiJodHRwczpcL1wvYm91Y2hlcmllLWxlc2FsZXhzLmNvbVwvd3AtY29udGVudFwvdXBsb2Fkc1wvMjAyNFwvMDFcL21hdGhpZXV4LWNoYXBwb3V4LmpwZyIsInNsaWRlc2hvdyI6IjcyZGE2NDAifQ%3D%3D\">\n\t\t\t\t\t<div class=\"e-gallery-image elementor-gallery-item__image\" data-thumbnail=\"https:\/\/boucherie-lesalexs.com\/wp-content\/uploads\/2024\/01\/mathieux-chappoux.jpg\" data-width=\"453\" data-height=\"422\" aria-label=\"\" role=\"img\" ><\/div>\n\t\t\t\t\t\t\t\t\t\t\t<div class=\"elementor-gallery-item__overlay\"><\/div>\n\t\t\t\t\t\t\t\t\t\t\t\t\t\t\t<div class=\"elementor-gallery-item__content\">\n\t\t\t\t\t\t\t\t\t\t\t\t\t\t<div class=\"elementor-gallery-item__title\">\n\t\t\t\t\t\t\t\t\t\t\t\t\t\t\t\t\t\tmathieux chappoux\t\t\t\t\t\t\t\t<\/div>\n\t\t\t\t\t\t\t\t\t\t\t\t<\/div>\n\t\t\t\t\t\t\t\t\t<\/a>\n\t\t\t\t\t\t\t<a class=\"e-gallery-item elementor-gallery-item elementor-animated-content\" href=\"https:\/\/boucherie-lesalexs.com\/wp-content\/uploads\/2024\/01\/Remy-Arrestier.jpg\" data-elementor-open-lightbox=\"yes\" data-elementor-lightbox-slideshow=\"72da640\" data-elementor-lightbox-title=\"Remy Arrestier\" data-e-action-hash=\"#elementor-action%3Aaction%3Dlightbox%26settings%3DeyJpZCI6MzA2LCJ1cmwiOiJodHRwczpcL1wvYm91Y2hlcmllLWxlc2FsZXhzLmNvbVwvd3AtY29udGVudFwvdXBsb2Fkc1wvMjAyNFwvMDFcL1JlbXktQXJyZXN0aWVyLmpwZyIsInNsaWRlc2hvdyI6IjcyZGE2NDAifQ%3D%3D\">\n\t\t\t\t\t<div class=\"e-gallery-image elementor-gallery-item__image\" data-thumbnail=\"https:\/\/boucherie-lesalexs.com\/wp-content\/uploads\/2024\/01\/Remy-Arrestier-768x1023.jpg\" data-width=\"768\" data-height=\"1023\" aria-label=\"\" role=\"img\" ><\/div>\n\t\t\t\t\t\t\t\t\t\t\t<div class=\"elementor-gallery-item__overlay\"><\/div>\n\t\t\t\t\t\t\t\t\t\t\t\t\t\t\t<div class=\"elementor-gallery-item__content\">\n\t\t\t\t\t\t\t\t\t\t\t\t\t\t<div class=\"elementor-gallery-item__title\">\n\t\t\t\t\t\t\t\t\t\t\t\t\t\t\t\t\t\tRemy Arrestier\t\t\t\t\t\t\t\t<\/div>\n\t\t\t\t\t\t\t\t\t\t\t\t<\/div>\n\t\t\t\t\t\t\t\t\t<\/a>\n\t\t\t\t\t\t\t<a class=\"e-gallery-item elementor-gallery-item elementor-animated-content\" href=\"https:\/\/boucherie-lesalexs.com\/wp-content\/uploads\/2024\/01\/gaec-combezou-1.jpg\" data-elementor-open-lightbox=\"yes\" data-elementor-lightbox-slideshow=\"72da640\" data-elementor-lightbox-title=\"gaec combezou\" data-e-action-hash=\"#elementor-action%3Aaction%3Dlightbox%26settings%3DeyJpZCI6MzAyLCJ1cmwiOiJodHRwczpcL1wvYm91Y2hlcmllLWxlc2FsZXhzLmNvbVwvd3AtY29udGVudFwvdXBsb2Fkc1wvMjAyNFwvMDFcL2dhZWMtY29tYmV6b3UtMS5qcGciLCJzbGlkZXNob3ciOiI3MmRhNjQwIn0%3D\">\n\t\t\t\t\t<div class=\"e-gallery-image elementor-gallery-item__image\" data-thumbnail=\"https:\/\/boucherie-lesalexs.com\/wp-content\/uploads\/2024\/01\/gaec-combezou-1.jpg\" data-width=\"529\" data-height=\"310\" aria-label=\"\" role=\"img\" ><\/div>\n\t\t\t\t\t\t\t\t\t\t\t<div class=\"elementor-gallery-item__overlay\"><\/div>\n\t\t\t\t\t\t\t\t\t\t\t\t\t\t\t<div class=\"elementor-gallery-item__content\">\n\t\t\t\t\t\t\t\t\t\t\t\t\t\t<div class=\"elementor-gallery-item__title\">\n\t\t\t\t\t\t\t\t\t\t\t\t\t\t\t\t\t\tgaec combezou\t\t\t\t\t\t\t\t<\/div>\n\t\t\t\t\t\t\t\t\t\t\t\t<\/div>\n\t\t\t\t\t\t\t\t\t<\/a>\n\t\t\t\t\t<\/div>\n\t\t\t\t\t<\/div>\n\t\t\t\t\t<\/div>\n\t\t\t\t<\/div>\n\t\t\t\t<\/div>\n\t\t","protected":false},"excerpt":{"rendered":"<p>Situ\u00e9e dans le magnifique d\u00e9partement de la Corr\u00e8ze, Argentat sur dordogne offre un emplacement de proximit\u00e9 avec divers \u00e9levage de qualit\u00e9. Nos \u00e9leverus tirent parti de ce cadre unique pour offrir des produits d&rsquo;exception, refl\u00e9tant le go\u00fbt authentique et la richesse de notre terroir. En choisissant nos produits, vous soutenez une agriculture durable et responsable. [&hellip;]<\/p>\n","protected":false},"author":1,"featured_media":0,"parent":0,"menu_order":0,"comment_status":"closed","ping_status":"closed","template":"elementor_header_footer","meta":{"footnotes":""},"class_list":["post-151","page","type-page","status-publish","hentry"],"_links":{"self":[{"href":"https:\/\/boucherie-lesalexs.com\/index.php?rest_route=\/wp\/v2\/pages\/151","targetHints":{"allow":["GET"]}}],"collection":[{"href":"https:\/\/boucherie-lesalexs.com\/index.php?rest_route=\/wp\/v2\/pages"}],"about":[{"href":"https:\/\/boucherie-lesalexs.com\/index.php?rest_route=\/wp\/v2\/types\/page"}],"author":[{"embeddable":true,"href":"https:\/\/boucherie-lesalexs.com\/index.php?rest_route=\/wp\/v2\/users\/1"}],"replies":[{"embeddable":true,"href":"https:\/\/boucherie-lesalexs.com\/index.php?rest_route=%2Fwp%2Fv2%2Fcomments&post=151"}],"version-history":[{"count":20,"href":"https:\/\/boucherie-lesalexs.com\/index.php?rest_route=\/wp\/v2\/pages\/151\/revisions"}],"predecessor-version":[{"id":433,"href":"https:\/\/boucherie-lesalexs.com\/index.php?rest_route=\/wp\/v2\/pages\/151\/revisions\/433"}],"wp:attachment":[{"href":"https:\/\/boucherie-lesalexs.com\/index.php?rest_route=%2Fwp%2Fv2%2Fmedia&parent=151"}],"curies":[{"name":"wp","href":"https:\/\/api.w.org\/{rel}","templated":true}]}}